{"id":110,"date":"2022-11-16T16:27:45","date_gmt":"2022-11-16T15:27:45","guid":{"rendered":"https:\/\/www.petra-richter-rose.de\/?page_id=110"},"modified":"2022-12-28T17:35:23","modified_gmt":"2022-12-28T16:35:23","slug":"werkstatt","status":"publish","type":"page","link":"https:\/\/www.petra-richter-rose.de\/?page_id=110","title":{"rendered":"Werkstatt"},"content":{"rendered":"\n<h3 class=\"wp-block-heading\"><mark style=\"background-color:rgba(0, 0, 0, 0);color:#3c758a\" class=\"has-inline-color\">Werkzeug<\/mark><\/h3>\n\n\n\n<h5 class=\"wp-block-heading\"><mark style=\"background-color:rgba(0, 0, 0, 0)\" class=\"has-inline-color has-white-color\">&#8222;<em>das wichtigste Werkzeug sind die H\u00e4nde<\/em>&#8222;<\/mark><\/h5>\n\n\n\n<p><br><strong>Cutter<\/strong><br>mit einer Abbrechklinge, 45 oder 30 Grad, m\u00f6glichst keine Plastikmesser, da diese schnell wackeln und keine Stabilit\u00e4t aufweisen<\/p>\n\n\n\n<p><br><strong>Falzbein<\/strong><br>Dies besteht aus Knochen, und ist in verschiedenen Gr\u00f6\u00dfen verf\u00fcgbar. Bei der Falt-Technik einsetzbar, um die Rillen zu ziehen, damit eine exakte Falte geformt werden kann.<\/p>\n\n\n\n<p><br><strong>Ahle<\/strong><br>Eine Ahle ist f\u00fcr unterschiedliche T\u00e4tigkeiten einsetzbar. Zum Markieren von Schneide- linien, L\u00f6cher in den Papieren, beim Quilling oder zum Auftragen winziger Klebepunkte auf das Papier.<\/p>\n\n\n\n<p><br><strong>Klebstoff<\/strong><br>Ein Dispersionskleber oder Wei\u00dfleim genannt ist unproblematisch im Auftragen auf das Papier. Der Kleber ist wasserl\u00f6slich. und leicht aufzutragen. Als Alternative steht der normale Kleister ohne Zus\u00e4tze zur Verf\u00fcgung.<\/p>\n\n\n\n<p><br><strong>Lineal<\/strong><br>Bitte nur Metall-Lineale verwenden, alle anderen Materialien werden leider zerschnitten.<\/p>\n\n\n\n<p><br><strong>Bleistifte und anderen Schreibutensilien<br><\/strong>Sehr weiche Bleistifte lassen sich mit einem weichen Radierer wieder gut entfernen, alle anderen Schreiber st\u00f6ren nur das Bild der Papierkunst.<\/p>\n\n\n\n<div style=\"height:45px\" aria-hidden=\"true\" class=\"wp-block-spacer\"><\/div>\n\n\n\n<h3 class=\"wp-block-heading\"><mark style=\"background-color:rgba(0, 0, 0, 0);color:#3c758a\" class=\"has-inline-color\">Techniken<\/mark><\/h3>\n\n\n\n<p><\/p>\n\n\n\n<p><strong>SCHNEIDEN<\/strong><br>Schneiden ist die schwierigste und wichtigste Technik in der Papier-Kunst. F\u00fcr fast alle Papierarbeiten sind Cutter die beste L\u00f6sung, es gibt sie in unterschiedlichen Abmessungen, z.B. als 45 oder 30 Grad Klinge. F\u00fcr einen sauberen und genauen Schnitt sollte die Klinge \u00f6fter gewechselt werden.<br>Wichtig ist auch eine Schneidematte unter das Werkst\u00fcck zu legen, das sonst der Untergrund besch\u00e4digt wird.<\/p>\n\n\n\n<p><br><strong>DREHEN<\/strong><br>Zwischen den Fingern hin und her gedrehte Papierstreifen ergeben fest verzwirbelte Papierschn\u00fcre oder entsprechend locker eingedrehte unregelm\u00e4\u00dfig grob strukturierte Str\u00e4nge. Auf ein Tr\u00e4gerpapier geklebt, dicken Papierseilen zusammengedreht oder zu einem Papiergewebe verflochten, verwoben oder gestrickt, weisen gedrehte Papierschn\u00fcre eine erstaunliche Rei\u00dffestigkeit und Belastbarkeit auf.<\/p>\n\n\n\n<p><br><strong>WEBEN<\/strong><br>Webtechniken starten sie am besten mit parallel angeordneten Papierstreifen, die sie im Grundmuster senkrecht sowie waagerecht\u2014einmal dr\u00fcber, einmal drunter \u2013 miteinander verkreuzen.<\/p>\n\n\n\n<p><br><strong>SCHICHTTECHNIK<\/strong><br>Bei der Schichttechnik werden zwei oder mehr Lagen Papier \u00fcbereinander gelegt. Durchgehende homogene Opberfl\u00e4chen entstehen, wenn die Schichten direkt aufeinander geklebt werden.<\/p>\n\n\n\n<p><br><strong>QUILLING<\/strong><br>Schmale Papierstreifen werden werden zu Spiralen gerollt, Quilling ist sehr variationsreich, erfordert ein gewisses Fingerspitzengef\u00fchl.<\/p>\n\n\n\n<p><br><strong>REI\u00dfEN<\/strong><br>In dieser Technik steckt ein ungeahntes Feingef\u00fchl. Es gilt nicht zu zerst\u00f6ren, sondern kontrolliert zu rei\u00dfen, das Papier hat eine Laufrichtung. In der einen Richtung ist es leicht zu rei\u00dfen, in der anderen Richtung gar nicht. Deshalb immer vorher probieren.<\/p>\n\n\n\n<p><strong>BIEGEN<\/strong><br>Das Biegen von Papier ist abh\u00e4ngig von der Laufrichtung des Materials, auch hier vorher ausprobieren, unterschiedliche Lichtquellen werfen Schattenw\u00fcrfe auf und k\u00f6nnen somit in den Arbeitsvorgang eines Werkst\u00fcckes einbezogen werden.<\/p>\n\n\n\n<p><strong>3D-SCHNITTE<br><\/strong>Neben dem perfekten Umgang mit Papier ist hier auch die Ausleuchtung eine Voraus-setzung f\u00fcr einen effektvollen 3D-Schnitt. Zun\u00e4chst werden mit einem Skalpell oder Cutter Formen in das Papier geschnitten. Danach kann man eine Falte in das Papier setzen , sodass sich durch den Schnitte entstandene Fl\u00e4che hebt. Durch Wiederholung lassen sich vielfache Strukturmuster erzeugen.<\/p>\n\n\n\n<p><br><strong>KNITTERN<\/strong><br>Das Knittern von Papier h\u00e4ngt von dem Gewicht des Papieres ab. Dickes Papier ist sehr schwer zu knittern, ganz d\u00fcnnes ebenso, man sollte es vorher ausprobieren Der Einstieg f\u00fcr diese Arbeit liegt bei ca. 80g \/m<sup>2<\/sup><\/p>\n\n\n\n<p><br><strong>FALTEN<\/strong><br>Die einfache Zickzackfalte ist schnell gemacht, Ein Falzbein unterst\u00fctzt dabei genaues Falten, eine Vielzahl weiterer Faltmuster kann jeder durch eigene Kreativit\u00e4t erarbeiten.<\/p>\n\n\n\n<p><br><strong>PRICKEN<\/strong><br>Beim Pricken wird die Oberfl\u00e4che des Papiers mit einer Nadel durchstochen Die Lochgr\u00f6\u00dfe h\u00e4ngt dabei von der Dicke der Nadel ab. Wichtig ist dabei, eine weiche Unterlage unter das Werkst\u00fcck zu legen, z.B. eine Filzplatte. Es lassen sich mit viel Geduld vielf\u00e4ltige Formen damit erarbeiten.<\/p>\n","protected":false},"excerpt":{"rendered":"<p>Werkzeug &#8222;das wichtigste Werkzeug sind die H\u00e4nde&#8222; Cuttermit einer Abbrechklinge, 45 oder 30 Grad, m\u00f6glichst keine Plastikmesser, da diese schnell wackeln und keine Stabilit\u00e4t aufweisen FalzbeinDies besteht aus Knochen, und ist in verschiedenen Gr\u00f6\u00dfen verf\u00fcgbar. Bei der Falt-Technik einsetzbar, um die Rillen zu ziehen, damit eine exakte Falte geformt werden kann. AhleEine Ahle ist f\u00fcr&hellip; <a class=\"more-link\" href=\"https:\/\/www.petra-richter-rose.de\/?page_id=110\"><span class=\"screen-reader-text\">Werkstatt<\/span> weiterlesen<\/a><\/p>\n","protected":false},"author":1,"featured_media":0,"parent":0,"menu_order":0,"comment_status":"closed","ping_status":"closed","template":"","meta":{"footnotes":""},"class_list":["post-110","page","type-page","status-publish","hentry","entry"],"_links":{"self":[{"href":"https:\/\/www.petra-richter-rose.de\/index.php?rest_route=\/wp\/v2\/pages\/110","targetHints":{"allow":["GET"]}}],"collection":[{"href":"https:\/\/www.petra-richter-rose.de\/index.php?rest_route=\/wp\/v2\/pages"}],"about":[{"href":"https:\/\/www.petra-richter-rose.de\/index.php?rest_route=\/wp\/v2\/types\/page"}],"author":[{"embeddable":true,"href":"https:\/\/www.petra-richter-rose.de\/index.php?rest_route=\/wp\/v2\/users\/1"}],"replies":[{"embeddable":true,"href":"https:\/\/www.petra-richter-rose.de\/index.php?rest_route=%2Fwp%2Fv2%2Fcomments&post=110"}],"version-history":[{"count":12,"href":"https:\/\/www.petra-richter-rose.de\/index.php?rest_route=\/wp\/v2\/pages\/110\/revisions"}],"predecessor-version":[{"id":155,"href":"https:\/\/www.petra-richter-rose.de\/index.php?rest_route=\/wp\/v2\/pages\/110\/revisions\/155"}],"wp:attachment":[{"href":"https:\/\/www.petra-richter-rose.de\/index.php?rest_route=%2Fwp%2Fv2%2Fmedia&parent=110"}],"curies":[{"name":"wp","href":"https:\/\/api.w.org\/{rel}","templated":true}]}}